{"id":455,"date":"2018-12-13T18:55:22","date_gmt":"2018-12-13T18:55:22","guid":{"rendered":"http:\/\/www.zocschbrtnice.cz\/?page_id=455"},"modified":"2018-12-13T21:44:44","modified_gmt":"2018-12-13T21:44:44","slug":"historicky-pruvod","status":"publish","type":"page","link":"https:\/\/www.zocschbrtnice.cz\/index.php\/historicky-pruvod\/","title":{"rendered":"Historick\u00fd pr\u016fvod"},"content":{"rendered":"<p>Historick\u00fd morov\u00fd pr\u016fvod v Brtnici se vztahuje k pam\u00e1tce ob\u011bt\u00ed morov\u00e9 epidemie, kter\u00e1 zde propukla v roce 1715. Mor su\u017eoval m\u011bsto od jara do podzimu a ode\u0161el na sv\u00e1tek sv. Rocha, ochr\u00e1nce proti moru. Morov\u00e1 r\u00e1na si vy\u017e\u00e1dala celkem 183 ob\u011bt\u00ed (124 k\u0159es\u0165an\u016f a 59 \u017eid\u016f). Od t\u00e9 doby se kon\u00e1 ka\u017edoro\u010dn\u011b c\u00edrkevn\u00ed pou\u0165 And\u011bla Str\u00e1\u017ece kolem sv\u00e1tku sv. Jilj\u00ed (1. z\u00e1\u0159\u00ed).<\/p>\n<p>Ka\u017edoro\u010dn\u011b se kon\u00e1 pr\u016fvod k morov\u00e9 j\u00e1m\u011b, kde prob\u00edh\u00e1 modlitba za zem\u0159el\u00e9. Tento masov\u00fd hrob le\u017e\u00ed za \u017eidovsk\u00fdm h\u0159bitovem a pr\u016fvod k n\u011bmu putuje o sobotn\u00edm ve\u010deru pod veden\u00edm far\u00e1\u0159e od kostela sv. Jakuba za doprovodu \u010dlen\u016f SDH s lou\u010demi.V ned\u011bli se pak kon\u00e1 c\u00edrkevn\u00ed pr\u016fvod, v r\u00e1mci kter\u00e9ho nesou dru\u017ei\u010dky sochu P. Marie a mu\u017ei sochu And\u011bla Str\u00e1\u017ece. Trasa pr\u016fvodu je ust\u00e1lena, vede z kostela sv. Jakuba na n\u00e1m\u011bst\u00ed k so\u0161e sv. Rocha na most\u011b, kde prob\u00edh\u00e1 modlitba. Pokud se ve stejn\u00fd rok kon\u00e1 i Historick\u00fd morov\u00fd pr\u016fvod, oba pr\u016fvody se na tomto m\u00edst\u011b setkaj\u00ed a spole\u010dn\u011b jdou ke kostelu bl. Juli\u00e1ny a sv. Karla Boromejsk\u00e9ho u z\u00e1mku.<\/p>\n<p>Krom\u011b t\u00e9to c\u00edrkevn\u00ed vrstvy slavnosti prob\u00edh\u00e1 tak\u00e9 v nepravideln\u00fdch intervalech Historick\u00fd morov\u00fd pr\u016fvod, kter\u00e9ho se \u00fa\u010dastn\u00ed p\u0159es dv\u011b st\u011b p\u0159ev\u00e1\u017en\u011b m\u00edstn\u00edch obyvatel v kost\u00fdmech napodobuj\u00edc\u00ed dobov\u00e9 oble\u010den\u00ed. Tato tradice sah\u00e1 do roku 1926, kdy prob\u011bhl prvn\u00ed ro\u010dn\u00edk. Dal\u0161\u00ed se konaly v letech 1927, 1928, 1929, 1931, 1932, 1935, po druh\u00e9 sv\u011btov\u00e9 v\u00e1lce v roce 1945, pot\u00e9 a\u017e v roce 1969, 1970, 1971 a 1973. Obnoven byl po sametov\u00e9 revoluci v letech 1990, 1991, 1994, 1998, 2000, 2004, 2010. Posledn\u00ed, v po\u0159ad\u00ed 20. ro\u010dn\u00edk, se konal v roce 2015, na kter\u00fd p\u0159ipadalo tak\u00e9 v\u00fdro\u010d\u00ed 300 let od morov\u00e9 r\u00e1ny. Dle p\u0159edpoklad\u016f by dal\u0161\u00ed ro\u010dn\u00edk m\u011bl prob\u011bhnout v roce 2020.<\/p>\n<p>V sou\u010dasnosti vych\u00e1z\u00ed Historick\u00fd morov\u00fd pr\u016fvod za doprovodu bubn\u016f a fanf\u00e1r ze z\u00e1mku, kde se p\u0159ipravuj\u00ed kost\u00fdmovan\u00ed \u00fa\u010dastn\u00edci. Pot\u00e9 se sto\u010d\u00ed do ulice Horn\u00ed M\u011bsto, pokra\u010duje pak ulic\u00ed U Pivovaru, zde odbo\u010d\u00ed na hlavn\u00ed Legion\u00e1\u0159skou ulici. P\u0159es \u017eidovsk\u00fd most pak pokra\u010duje na n\u00e1m\u011bst\u00ed Svobody, kde se na most\u011b se sochou sv. Rocha spoj\u00ed s c\u00edrkevn\u00edm pr\u016fvodem. Spole\u010dn\u011b se pak vydaj\u00ed Lipartovou a Vald\u0161tejnskou ulic\u00ed zp\u011bt k z\u00e1mku. Popis prvn\u00edho historick\u00e9ho morov\u00e9ho pr\u016fvodu v Brtnici poch\u00e1z\u00ed z roku 1926. Pr\u016fvodu se tehdy \u00fa\u010dastnilo duchovenstvo, dru\u017ei\u010dky, \u0161koln\u00ed d\u011bti, starosta s n\u011bkolika \u010dleny zastupitelstva, p\u0159edstavitel\u00e9 r\u016fzn\u00fdch \u0159emesel, z\u00e1stupci cech\u016f, selsk\u00fd lid atd. Ve stejn\u00e9m roce byly po\u0159\u00edzeny tak\u00e9 standarty cechu z\u00e1me\u010dn\u00edk\u016f, hostinsk\u00fdch a peka\u0159\u016f dle n\u00e1vrhu slavn\u00e9ho architekta Josefa Hoffmanna, brtnick\u00e9ho rod\u00e1ka. Ty se v pr\u016fvodu nos\u00ed dodnes a jsou vystaveny v muzeu za TIC na n\u00e1m\u011bst\u00ed.<\/p>\n<p>Nositelem statku je v sou\u010dasnosti m\u011bsto Brtnice a \u0158\u00edmskokatolick\u00e1 farnost Brtnice. Krom\u011b pr\u016fvod\u016f se b\u011bhem v\u00edkendov\u00fdch oslav kon\u00e1 \u0159ada tane\u010dn\u00edch z\u00e1bav, koncert\u016f a v\u00fdstav. Na pr\u016fb\u011bh slavnost\u00ed v roce 2015 je mo\u017en\u00e9 pod\u00edvat se <a href=\"https:\/\/www.youtube.com\/watch?v=rrLtUsclw3U\">zde<\/a>.<\/p>\n<p>Historick\u00fd morov\u00fd pr\u016fvod v Brtnici byl na konci roku 2016 p\u0159ijat pod \u010d\u00edslem 5\/2016 na Seznam nemateri\u00e1ln\u00edch statk\u016f tradi\u010dn\u00ed lidov\u00e9 kultury Kraje Vyso\u010dina.<\/p>\n<p>&nbsp;<\/p>\n\n\t\t<style type=\"text\/css\">\n\t\t\t#gallery-1 {\n\t\t\t\tmargin: auto;\n\t\t\t}\n\t\t\t#gallery-1 .gallery-item {\n\t\t\t\tfloat: left;\n\t\t\t\tmargin-top: 10px;\n\t\t\t\ttext-align: center;\n\t\t\t\twidth: 33%;\n\t\t\t}\n\t\t\t#gallery-1 img {\n\t\t\t\tborder: 2px solid #cfcfcf;\n\t\t\t}\n\t\t\t#gallery-1 .gallery-caption {\n\t\t\t\tmargin-left: 0;\n\t\t\t}\n\t\t\t\/* see gallery_shortcode() in wp-includes\/media.php *\/\n\t\t<\/style>\n\t\t<div id='gallery-1' class='gallery galleryid-455 gallery-columns-3 gallery-size-thumbnail'><dl class='gallery-item'>\n\t\t\t<dt class='gallery-icon landscape'>\n\t\t\t\t<a href='https:\/\/www.zocschbrtnice.cz\/wp-content\/uploads\/2018\/12\/DSC_0439.jpg'><img loading=\"lazy\" decoding=\"async\" width=\"150\" height=\"150\" src=\"https:\/\/www.zocschbrtnice.cz\/wp-content\/uploads\/2018\/12\/DSC_0439-150x150.jpg\" class=\"attachment-thumbnail size-thumbnail\" alt=\"\" \/><\/a>\n\t\t\t<\/dt><\/dl><dl class='gallery-item'>\n\t\t\t<dt class='gallery-icon landscape'>\n\t\t\t\t<a href='https:\/\/www.zocschbrtnice.cz\/wp-content\/uploads\/2018\/12\/DSC_0434.jpg'><img loading=\"lazy\" decoding=\"async\" width=\"150\" height=\"150\" src=\"https:\/\/www.zocschbrtnice.cz\/wp-content\/uploads\/2018\/12\/DSC_0434-150x150.jpg\" class=\"attachment-thumbnail size-thumbnail\" alt=\"\" \/><\/a>\n\t\t\t<\/dt><\/dl><dl class='gallery-item'>\n\t\t\t<dt class='gallery-icon landscape'>\n\t\t\t\t<a href='https:\/\/www.zocschbrtnice.cz\/wp-content\/uploads\/2018\/12\/DSC_0431.jpg'><img loading=\"lazy\" decoding=\"async\" width=\"150\" height=\"150\" src=\"https:\/\/www.zocschbrtnice.cz\/wp-content\/uploads\/2018\/12\/DSC_0431-150x150.jpg\" class=\"attachment-thumbnail size-thumbnail\" alt=\"\" \/><\/a>\n\t\t\t<\/dt><\/dl><br style=\"clear: both\" \/><dl class='gallery-item'>\n\t\t\t<dt class='gallery-icon landscape'>\n\t\t\t\t<a href='https:\/\/www.zocschbrtnice.cz\/wp-content\/uploads\/2018\/12\/DSC_0425.jpg'><img loading=\"lazy\" decoding=\"async\" width=\"150\" height=\"150\" src=\"https:\/\/www.zocschbrtnice.cz\/wp-content\/uploads\/2018\/12\/DSC_0425-150x150.jpg\" class=\"attachment-thumbnail size-thumbnail\" alt=\"\" \/><\/a>\n\t\t\t<\/dt><\/dl><dl class='gallery-item'>\n\t\t\t<dt class='gallery-icon landscape'>\n\t\t\t\t<a href='https:\/\/www.zocschbrtnice.cz\/wp-content\/uploads\/2018\/12\/DSC_0418.jpg'><img loading=\"lazy\" decoding=\"async\" width=\"150\" height=\"150\" src=\"https:\/\/www.zocschbrtnice.cz\/wp-content\/uploads\/2018\/12\/DSC_0418-150x150.jpg\" class=\"attachment-thumbnail size-thumbnail\" alt=\"\" \/><\/a>\n\t\t\t<\/dt><\/dl><dl class='gallery-item'>\n\t\t\t<dt class='gallery-icon landscape'>\n\t\t\t\t<a href='https:\/\/www.zocschbrtnice.cz\/wp-content\/uploads\/2018\/12\/DSC_0417.jpg'><img loading=\"lazy\" decoding=\"async\" width=\"150\" height=\"150\" src=\"https:\/\/www.zocschbrtnice.cz\/wp-content\/uploads\/2018\/12\/DSC_0417-150x150.jpg\" class=\"attachment-thumbnail size-thumbnail\" alt=\"\" \/><\/a>\n\t\t\t<\/dt><\/dl><br style=\"clear: both\" \/><dl class='gallery-item'>\n\t\t\t<dt class='gallery-icon portrait'>\n\t\t\t\t<a href='https:\/\/www.zocschbrtnice.cz\/wp-content\/uploads\/2018\/12\/DSC_0416.jpg'><img loading=\"lazy\" decoding=\"async\" width=\"150\" height=\"150\" src=\"https:\/\/www.zocschbrtnice.cz\/wp-content\/uploads\/2018\/12\/DSC_0416-150x150.jpg\" class=\"attachment-thumbnail size-thumbnail\" alt=\"\" \/><\/a>\n\t\t\t<\/dt><\/dl><dl class='gallery-item'>\n\t\t\t<dt class='gallery-icon portrait'>\n\t\t\t\t<a href='https:\/\/www.zocschbrtnice.cz\/wp-content\/uploads\/2018\/12\/DSC_0407.jpg'><img loading=\"lazy\" decoding=\"async\" width=\"150\" height=\"150\" src=\"https:\/\/www.zocschbrtnice.cz\/wp-content\/uploads\/2018\/12\/DSC_0407-150x150.jpg\" class=\"attachment-thumbnail size-thumbnail\" alt=\"\" \/><\/a>\n\t\t\t<\/dt><\/dl><dl class='gallery-item'>\n\t\t\t<dt class='gallery-icon landscape'>\n\t\t\t\t<a href='https:\/\/www.zocschbrtnice.cz\/wp-content\/uploads\/2018\/12\/DSC_0400.jpg'><img loading=\"lazy\" decoding=\"async\" width=\"150\" height=\"150\" src=\"https:\/\/www.zocschbrtnice.cz\/wp-content\/uploads\/2018\/12\/DSC_0400-150x150.jpg\" class=\"attachment-thumbnail size-thumbnail\" alt=\"\" \/><\/a>\n\t\t\t<\/dt><\/dl><br style=\"clear: both\" \/><dl class='gallery-item'>\n\t\t\t<dt class='gallery-icon landscape'>\n\t\t\t\t<a href='https:\/\/www.zocschbrtnice.cz\/wp-content\/uploads\/2018\/12\/DSC_0397.jpg'><img loading=\"lazy\" decoding=\"async\" width=\"150\" height=\"150\" src=\"https:\/\/www.zocschbrtnice.cz\/wp-content\/uploads\/2018\/12\/DSC_0397-150x150.jpg\" class=\"attachment-thumbnail size-thumbnail\" alt=\"\" \/><\/a>\n\t\t\t<\/dt><\/dl><dl class='gallery-item'>\n\t\t\t<dt class='gallery-icon landscape'>\n\t\t\t\t<a href='https:\/\/www.zocschbrtnice.cz\/wp-content\/uploads\/2018\/12\/DSC_0395.jpg'><img loading=\"lazy\" decoding=\"async\" width=\"150\" height=\"150\" src=\"https:\/\/www.zocschbrtnice.cz\/wp-content\/uploads\/2018\/12\/DSC_0395-150x150.jpg\" class=\"attachment-thumbnail size-thumbnail\" alt=\"\" \/><\/a>\n\t\t\t<\/dt><\/dl><dl class='gallery-item'>\n\t\t\t<dt class='gallery-icon landscape'>\n\t\t\t\t<a href='https:\/\/www.zocschbrtnice.cz\/wp-content\/uploads\/2018\/12\/DSC_0389.jpg'><img loading=\"lazy\" decoding=\"async\" width=\"150\" height=\"150\" src=\"https:\/\/www.zocschbrtnice.cz\/wp-content\/uploads\/2018\/12\/DSC_0389-150x150.jpg\" class=\"attachment-thumbnail size-thumbnail\" alt=\"\" \/><\/a>\n\t\t\t<\/dt><\/dl><br style=\"clear: both\" \/><dl class='gallery-item'>\n\t\t\t<dt class='gallery-icon landscape'>\n\t\t\t\t<a href='https:\/\/www.zocschbrtnice.cz\/wp-content\/uploads\/2018\/12\/DSC_0383.jpg'><img loading=\"lazy\" decoding=\"async\" width=\"150\" height=\"150\" src=\"https:\/\/www.zocschbrtnice.cz\/wp-content\/uploads\/2018\/12\/DSC_0383-150x150.jpg\" class=\"attachment-thumbnail size-thumbnail\" alt=\"\" \/><\/a>\n\t\t\t<\/dt><\/dl><dl class='gallery-item'>\n\t\t\t<dt class='gallery-icon landscape'>\n\t\t\t\t<a href='https:\/\/www.zocschbrtnice.cz\/wp-content\/uploads\/2018\/12\/DSC_0381.jpg'><img loading=\"lazy\" decoding=\"async\" width=\"150\" height=\"150\" src=\"https:\/\/www.zocschbrtnice.cz\/wp-content\/uploads\/2018\/12\/DSC_0381-150x150.jpg\" class=\"attachment-thumbnail size-thumbnail\" alt=\"\" \/><\/a>\n\t\t\t<\/dt><\/dl><dl class='gallery-item'>\n\t\t\t<dt class='gallery-icon landscape'>\n\t\t\t\t<a href='https:\/\/www.zocschbrtnice.cz\/wp-content\/uploads\/2018\/12\/DSC_0352.jpg'><img loading=\"lazy\" decoding=\"async\" width=\"150\" height=\"150\" src=\"https:\/\/www.zocschbrtnice.cz\/wp-content\/uploads\/2018\/12\/DSC_0352-150x150.jpg\" class=\"attachment-thumbnail size-thumbnail\" alt=\"\" \/><\/a>\n\t\t\t<\/dt><\/dl><br style=\"clear: both\" \/>\n\t\t<\/div>\n\n<p><iframe loading=\"lazy\" title=\"Morov\u00fd pr\u016fvod v Brtnici\" width=\"600\" height=\"338\" src=\"https:\/\/www.youtube.com\/embed\/LyHpagQkOFA?feature=oembed\" frameborder=\"0\" allow=\"accelerometer; autoplay; clipboard-write; encrypted-media; gyroscope; picture-in-picture; web-share\" referrerpolicy=\"strict-origin-when-cross-origin\" allowfullscreen><\/iframe><\/p>\n<p>&nbsp;<\/p>\n","protected":false},"excerpt":{"rendered":"<p>Historick\u00fd morov\u00fd pr\u016fvod v Brtnici se vztahuje k pam\u00e1tce ob\u011bt\u00ed morov\u00e9 epidemie, kter\u00e1 zde propukla v roce 1715. Mor su\u017eoval m\u011bsto od jara do podzimu a ode\u0161el na sv\u00e1tek sv. Rocha, ochr\u00e1nce proti moru. Morov\u00e1 r\u00e1na si vy\u017e\u00e1dala celkem 183 ob\u011bt\u00ed (124 k\u0159es\u0165an\u016f a 59 \u017eid\u016f). Od t\u00e9 doby se<a href=\"https:\/\/www.zocschbrtnice.cz\/index.php\/historicky-pruvod\/\" class=\"read-more\">Read More&#8230;<\/a><\/p>\n","protected":false},"author":1,"featured_media":0,"parent":0,"menu_order":0,"comment_status":"closed","ping_status":"closed","template":"","meta":{"footnotes":""},"class_list":["post-455","page","type-page","status-publish","hentry"],"_links":{"self":[{"href":"https:\/\/www.zocschbrtnice.cz\/index.php\/wp-json\/wp\/v2\/pages\/455","targetHints":{"allow":["GET"]}}],"collection":[{"href":"https:\/\/www.zocschbrtnice.cz\/index.php\/wp-json\/wp\/v2\/pages"}],"about":[{"href":"https:\/\/www.zocschbrtnice.cz\/index.php\/wp-json\/wp\/v2\/types\/page"}],"author":[{"embeddable":true,"href":"https:\/\/www.zocschbrtnice.cz\/index.php\/wp-json\/wp\/v2\/users\/1"}],"replies":[{"embeddable":true,"href":"https:\/\/www.zocschbrtnice.cz\/index.php\/wp-json\/wp\/v2\/comments?post=455"}],"version-history":[{"count":12,"href":"https:\/\/www.zocschbrtnice.cz\/index.php\/wp-json\/wp\/v2\/pages\/455\/revisions"}],"predecessor-version":[{"id":580,"href":"https:\/\/www.zocschbrtnice.cz\/index.php\/wp-json\/wp\/v2\/pages\/455\/revisions\/580"}],"wp:attachment":[{"href":"https:\/\/www.zocschbrtnice.cz\/index.php\/wp-json\/wp\/v2\/media?parent=455"}],"curies":[{"name":"wp","href":"https:\/\/api.w.org\/{rel}","templated":true}]}}