{"id":65,"date":"2018-12-10T16:54:15","date_gmt":"2018-12-10T16:54:15","guid":{"rendered":"http:\/\/www.zocschbrtnice.cz\/?page_id=65"},"modified":"2024-12-31T11:18:09","modified_gmt":"2024-12-31T11:18:09","slug":"clenove","status":"publish","type":"page","link":"https:\/\/www.zocschbrtnice.cz\/index.php\/clenove\/","title":{"rendered":"\u010clenov\u00e9"},"content":{"rendered":"<p><strong>\u010cLENOV\u00c9 V\u00ddBORU <\/strong><\/p>\n<p><strong>Miroslav Caha<\/strong>, P\u0159edseda a registr\u00e1tor ZO<\/p>\n<p>Pod kaplou 125, 588 32 Brtnice, Tel.: 606 861 668, E-mail: <a href=\"mailto:miroslavvss@seznam.cz\">miroslavvss@seznam.cz<\/a><\/p>\n<p><strong>Jaroslav Drmota<\/strong>, M\u00edstop\u0159edseda<\/p>\n<p>Rok\u0161t\u00fdnsk\u00e1 310, 588 32 Btnice Tel.: 721 607 420<\/p>\n<p><strong>Franti\u0161ek Linhart<\/strong>, Pokladn\u00edk<\/p>\n<p>Zrzav\u00e9ho 34, 586 01 Jihlava Tel.: 605 842 813<\/p>\n<p><strong>Luk\u00e1\u0161 Partl<\/strong>, Odbor kr\u00e1l\u00edk\u016f<\/p>\n<p>Heraltice 53, 675 21 Ok\u0159\u00ed\u0161ky Tel.: 605 408 006, E-mail: <a href=\"mailto:partll@seznam.cz\">partll@seznam.cz<\/a><\/p>\n<p><strong>Lubo\u0161 Slatinsk\u00fd<\/strong>, Odbor dr\u016fbe\u017ee<\/p>\n<p>Spojovac\u00ed 584, 588 32 Brtnice Tel.: 604 728 773<\/p>\n<p><strong>Miroslav \u0160t\u011bp\u00e1n<\/strong>, Odbor holub\u016f<\/p>\n<p>Horn\u00ed m\u011bsto 15, 588 32 Brtnice, Tel.: 728 113 406<\/p>\n<p>&nbsp;<\/p>\n<p><strong>\u010cLENOV\u00c9 ORGANIZACE <\/strong><\/p>\n<p><strong>Ing. Caha Miroslav, <\/strong>Registr\u00e1tor Okresu, Kn\u011b\u017eice 161, 675 29, Tel.: 721 122 508, E-mail:\u00a0<a href=\"mailto:mircaha1@seznam.cz\">mircaha1@seznam.cz<\/a><\/p>\n<p><strong>Brad\u00e1\u010d Anton\u00edn,<\/strong> \u017delezni\u010dn\u00ed 448, 588 22 Luka nad Jihlavou Tel.: 702 481 822, E-mail: <a href=\"mailto:bradac.antoni@seznam.cz\">bradac.antoni@seznam.cz <\/a><\/p>\n<p><strong>Ferdanov\u00e1 Jana,<\/strong> Chot\u011bbudice 57,Tel.: 604 682 917, E-mail: <a href=\"mailto:mlynarka@seznam.cz\">mlynarka@seznam.cz<\/a><\/p>\n<p><strong>Fu\u010d\u00edkov\u00e1 Pavla,<\/strong> Na Podol\u00ed 305, 675 31 Jemnice Tel.: 608 029 539, E-mail: <a href=\"mailto:pavlina.fu@seznam.cz\">pavlina.fu@seznam.cz<\/a><\/p>\n<p><strong>Jord\u00e1n Josef, <\/strong>Zahradn\u00ed\u00a0\u00a0253, 588 32 Brtnice Tel.: 607 565 037<\/p>\n<p><strong>Klement Jaroslav,<\/strong> Doln\u00ed Smr\u010dn\u00e9 9, 588 32 Brtnice Tel.: 736 459 130<\/p>\n<p><strong>Kounkov\u00e1 Karol\u00edna<\/strong>, Za Pivovarem 788, 588 32 Brtnice Tel.: 723 294 850, E-mail: <u><a href=\"mailto:karolina.kounkova@mpss.cz\">karolina.kounkova@mpss.cz<\/a><\/u><\/p>\n<p><strong>Ing. Nov\u00e1k Josef, <\/strong>P\u0159edseda revizn\u00ed komise, Zahradn\u00ed 211, Brtnice Tel.: 725 559 836, E-mail: <a href=\"mailto:novak211@seznam.cz\">novak211@seznam.cz<\/a><\/p>\n<p><strong>Partl Jarom\u00edr,<\/strong> U Cihelny 5, 586 01 Jihlava Tel.: 773 626 631<\/p>\n<p><strong>Partl Libor ml.<\/strong>, Heraltice 53, 675 21 Ok\u0159\u00ed\u0161ky, Tel.: 603 33 273<\/p>\n<p><strong>Partl Libor str.,<\/strong> Heraltice 53, 675 21 Ok\u0159\u00ed\u0161ky Tel.: 737 106 487, E-mail: <a href=\"mailto:partli@seznam.cz\">partli@seznam.cz <\/a><\/p>\n<p><strong>Pla\u010dek Ladislav,<\/strong> Zem\u011bd\u011blsk\u00e1 463, 588 32 Brtnice, Tel.: 602 116 575, E-mail.: <a href=\"mailto:ladislav.placek@reklamastyl.cz\">ladislav.placek@reklamastyl.cz<\/a><\/p>\n<p><strong>Pojer Tom\u00e1\u0161<\/strong> MCH, Na Niv\u011b 309, 588 32 Brtnice<\/p>\n<p><strong>Slatinsk\u00fd Lubo\u0161,<\/strong> Spojovac\u00ed 584, 588 32 Brtnice Tel.: 604 723 773<\/p>\n<p><strong>\u0160t\u011bp\u00e1n Miroslav,<\/strong> Horn\u00ed m\u011bsto 15, 588 32 Brtnice, Tel.: 728 113 406<\/p>\n<p><strong>Vesel\u00fd Petr,<\/strong> Nesonice 23, 683 33\u00a0\u00a0\u00a0 Tel.: 602 233 309, E-mail: <a href=\"info@lihne.cz\">info@lihne.cz<\/a><\/p>\n<p><strong>Zv\u011b\u0159ina Josef<\/strong>, Spojovac\u00ed 582, 588 32 Brtnice, Tel.: 727 927 296<\/p>\n<p>&nbsp;<\/p>\n<p><strong>\u00a0<\/strong><\/p>\n<p><strong>\u00a0<\/strong><\/p>\n<h6><span style=\"font-size: medium;\"> \u00a0<\/span><\/h6>\n","protected":false},"excerpt":{"rendered":"<p>\u010cLENOV\u00c9 V\u00ddBORU Miroslav Caha, P\u0159edseda a registr\u00e1tor ZO Pod kaplou 125, 588 32 Brtnice, Tel.: 606 861 668, E-mail: miroslavvss@seznam.cz Jaroslav Drmota, M\u00edstop\u0159edseda Rok\u0161t\u00fdnsk\u00e1 310, 588 32 Btnice Tel.: 721 607 420 Franti\u0161ek Linhart, Pokladn\u00edk Zrzav\u00e9ho 34, 586 01 Jihlava Tel.: 605 842 813 Luk\u00e1\u0161 Partl, Odbor kr\u00e1l\u00edk\u016f Heraltice 53,<a href=\"https:\/\/www.zocschbrtnice.cz\/index.php\/clenove\/\" class=\"read-more\">Read More&#8230;<\/a><\/p>\n","protected":false},"author":1,"featured_media":0,"parent":0,"menu_order":0,"comment_status":"closed","ping_status":"closed","template":"","meta":{"footnotes":""},"class_list":["post-65","page","type-page","status-publish","hentry"],"_links":{"self":[{"href":"https:\/\/www.zocschbrtnice.cz\/index.php\/wp-json\/wp\/v2\/pages\/65","targetHints":{"allow":["GET"]}}],"collection":[{"href":"https:\/\/www.zocschbrtnice.cz\/index.php\/wp-json\/wp\/v2\/pages"}],"about":[{"href":"https:\/\/www.zocschbrtnice.cz\/index.php\/wp-json\/wp\/v2\/types\/page"}],"author":[{"embeddable":true,"href":"https:\/\/www.zocschbrtnice.cz\/index.php\/wp-json\/wp\/v2\/users\/1"}],"replies":[{"embeddable":true,"href":"https:\/\/www.zocschbrtnice.cz\/index.php\/wp-json\/wp\/v2\/comments?post=65"}],"version-history":[{"count":97,"href":"https:\/\/www.zocschbrtnice.cz\/index.php\/wp-json\/wp\/v2\/pages\/65\/revisions"}],"predecessor-version":[{"id":1155,"href":"https:\/\/www.zocschbrtnice.cz\/index.php\/wp-json\/wp\/v2\/pages\/65\/revisions\/1155"}],"wp:attachment":[{"href":"https:\/\/www.zocschbrtnice.cz\/index.php\/wp-json\/wp\/v2\/media?parent=65"}],"curies":[{"name":"wp","href":"https:\/\/api.w.org\/{rel}","templated":true}]}}