{"id":75,"date":"2018-12-10T16:55:59","date_gmt":"2018-12-10T16:55:59","guid":{"rendered":"http:\/\/www.zocschbrtnice.cz\/?page_id=75"},"modified":"2019-12-08T17:07:57","modified_gmt":"2019-12-08T17:07:57","slug":"exoti","status":"publish","type":"page","link":"https:\/\/www.zocschbrtnice.cz\/index.php\/exoti\/","title":{"rendered":"Exoti"},"content":{"rendered":"<h4><strong>Chovu exot\u016f se v na\u0161\u00ed organizaci v\u011bnuje Lubo\u0161 Slatinsk\u00fd, Miroslav \u0160t\u011bp\u00e1n a Josef Jord\u00e1n. <\/strong><strong>Mezi jejich druhy exotick\u00e9ho ptactva pat\u0159\u00ed:<\/strong><\/h4>\n<h4>papou\u0161ek n\u00e1dhern\u00fd, rosela penant modr\u00fd, rosela penant zelen\u00fd, rosela pestr\u00e1, rosela rubino, rosela \u010derven\u00e1, andulka vlnkovan\u00e1, korela, rosela \u010derven\u00e1, papou\u0161ek tyrkysov\u00fd, zeb\u0159i\u010dky a dal\u0161\u00ed.<\/h4>\n<p><img loading=\"lazy\" decoding=\"async\" class=\"alignnone wp-image-234\" src=\"http:\/\/www.zocschbrtnice.cz\/wp-content\/uploads\/2018\/12\/52671-300x185.jpg\" alt=\"\" width=\"776\" height=\"478\" srcset=\"https:\/\/www.zocschbrtnice.cz\/wp-content\/uploads\/2018\/12\/52671-300x185.jpg 300w, https:\/\/www.zocschbrtnice.cz\/wp-content\/uploads\/2018\/12\/52671.jpg 480w\" sizes=\"auto, (max-width: 776px) 100vw, 776px\" \/><\/p>\n\n<h5><\/h5>\n","protected":false},"excerpt":{"rendered":"<p>Chovu exot\u016f se v na\u0161\u00ed organizaci v\u011bnuje Lubo\u0161 Slatinsk\u00fd, Miroslav \u0160t\u011bp\u00e1n a Josef Jord\u00e1n. Mezi jejich druhy exotick\u00e9ho ptactva pat\u0159\u00ed: papou\u0161ek n\u00e1dhern\u00fd, rosela penant modr\u00fd, rosela penant zelen\u00fd, rosela pestr\u00e1, rosela rubino, rosela \u010derven\u00e1, andulka vlnkovan\u00e1, korela, rosela \u010derven\u00e1, papou\u0161ek tyrkysov\u00fd, zeb\u0159i\u010dky a dal\u0161\u00ed.<\/p>\n","protected":false},"author":1,"featured_media":0,"parent":0,"menu_order":0,"comment_status":"closed","ping_status":"closed","template":"","meta":{"footnotes":""},"class_list":["post-75","page","type-page","status-publish","hentry"],"_links":{"self":[{"href":"https:\/\/www.zocschbrtnice.cz\/index.php\/wp-json\/wp\/v2\/pages\/75","targetHints":{"allow":["GET"]}}],"collection":[{"href":"https:\/\/www.zocschbrtnice.cz\/index.php\/wp-json\/wp\/v2\/pages"}],"about":[{"href":"https:\/\/www.zocschbrtnice.cz\/index.php\/wp-json\/wp\/v2\/types\/page"}],"author":[{"embeddable":true,"href":"https:\/\/www.zocschbrtnice.cz\/index.php\/wp-json\/wp\/v2\/users\/1"}],"replies":[{"embeddable":true,"href":"https:\/\/www.zocschbrtnice.cz\/index.php\/wp-json\/wp\/v2\/comments?post=75"}],"version-history":[{"count":24,"href":"https:\/\/www.zocschbrtnice.cz\/index.php\/wp-json\/wp\/v2\/pages\/75\/revisions"}],"predecessor-version":[{"id":998,"href":"https:\/\/www.zocschbrtnice.cz\/index.php\/wp-json\/wp\/v2\/pages\/75\/revisions\/998"}],"wp:attachment":[{"href":"https:\/\/www.zocschbrtnice.cz\/index.php\/wp-json\/wp\/v2\/media?parent=75"}],"curies":[{"name":"wp","href":"https:\/\/api.w.org\/{rel}","templated":true}]}}