{"id":9,"date":"2018-09-20T11:14:48","date_gmt":"2018-09-20T11:14:48","guid":{"rendered":"http:\/\/www.zocschbrtnice.cz\/?page_id=9"},"modified":"2026-02-11T16:29:23","modified_gmt":"2026-02-11T16:29:23","slug":"kontakt","status":"publish","type":"page","link":"https:\/\/www.zocschbrtnice.cz\/index.php\/kontakt\/","title":{"rendered":"Kontakt"},"content":{"rendered":"<h5>\u010cESK\u00dd SVAZ CHOVATEL\u016e<\/h5>\n<h5>Z\u00e1kladn\u00ed organizace Brtnice,<\/h5>\n<h5>I\u010cO: 70908001, evid.\u010d. 1655<\/h5>\n<h5>Chovatelsk\u00fd are\u00e1l: Za Hospodou, 588 32 Brtnice<\/h5>\n<h5>(za obchodn\u00edm st\u0159ediskem na n\u00e1m\u011bst\u00ed)<\/h5>\n<h5><strong>Koresponde\u010dn\u00ed adresa: <\/strong><\/h5>\n<h5><strong>P\u0159edseda: Miroslav Caha,\u00a0<\/strong><strong>Pod Kaplou 125, 588 32 Brtnice,\u00a0<\/strong><strong>t<\/strong><strong>el.: 606 861 668<\/strong><\/h5>\n<p><iframe loading=\"lazy\" style=\"border: 0;\" src=\"https:\/\/www.google.com\/maps\/embed?pb=!1m18!1m12!1m3!1d1300.7489616704324!2d15.678754383579426!3d49.30485339741671!2m3!1f0!2f0!3f0!3m2!1i1024!2i768!4f13.1!3m3!1m2!1s0x470d15d8ea7434db%3A0xcf03d73522e409!2sZa+Hospodou%2C+588+32+Brtnice!5e0!3m2!1scs!2scz!4v1547302621814\" width=\"600\" height=\"450\" frameborder=\"0\" allowfullscreen=\"allowfullscreen\"><\/iframe><\/p>\n<p><a href=\"https:\/\/www.zocschbrtnice.cz\/wp-admin\/\">ADMINISTRACE<\/a><\/p>\n","protected":false},"excerpt":{"rendered":"<p>\u010cESK\u00dd SVAZ CHOVATEL\u016e Z\u00e1kladn\u00ed organizace Brtnice, I\u010cO: 70908001, evid.\u010d. 1655 Chovatelsk\u00fd are\u00e1l: Za Hospodou, 588 32 Brtnice (za obchodn\u00edm st\u0159ediskem na n\u00e1m\u011bst\u00ed) Koresponde\u010dn\u00ed adresa: P\u0159edseda: Miroslav Caha,\u00a0Pod Kaplou 125, 588 32 Brtnice,\u00a0tel.: 606 861 668 ADMINISTRACE<\/p>\n","protected":false},"author":1,"featured_media":0,"parent":0,"menu_order":0,"comment_status":"closed","ping_status":"open","template":"","meta":{"footnotes":""},"class_list":["post-9","page","type-page","status-publish","hentry"],"_links":{"self":[{"href":"https:\/\/www.zocschbrtnice.cz\/index.php\/wp-json\/wp\/v2\/pages\/9","targetHints":{"allow":["GET"]}}],"collection":[{"href":"https:\/\/www.zocschbrtnice.cz\/index.php\/wp-json\/wp\/v2\/pages"}],"about":[{"href":"https:\/\/www.zocschbrtnice.cz\/index.php\/wp-json\/wp\/v2\/types\/page"}],"author":[{"embeddable":true,"href":"https:\/\/www.zocschbrtnice.cz\/index.php\/wp-json\/wp\/v2\/users\/1"}],"replies":[{"embeddable":true,"href":"https:\/\/www.zocschbrtnice.cz\/index.php\/wp-json\/wp\/v2\/comments?post=9"}],"version-history":[{"count":31,"href":"https:\/\/www.zocschbrtnice.cz\/index.php\/wp-json\/wp\/v2\/pages\/9\/revisions"}],"predecessor-version":[{"id":6133,"href":"https:\/\/www.zocschbrtnice.cz\/index.php\/wp-json\/wp\/v2\/pages\/9\/revisions\/6133"}],"wp:attachment":[{"href":"https:\/\/www.zocschbrtnice.cz\/index.php\/wp-json\/wp\/v2\/media?parent=9"}],"curies":[{"name":"wp","href":"https:\/\/api.w.org\/{rel}","templated":true}]}}